{"id":1319,"date":"2025-04-17T16:07:33","date_gmt":"2025-04-17T14:07:33","guid":{"rendered":"https:\/\/dev.casaboavista.com\/wegbeschreibung\/"},"modified":"2025-10-28T12:35:31","modified_gmt":"2025-10-28T11:35:31","slug":"wegbeschreibung","status":"publish","type":"page","link":"https:\/\/casaboavista.com\/de\/wegbeschreibung\/","title":{"rendered":"Wegbeschreibung"},"content":{"rendered":"\t\t<div data-elementor-type=\"wp-page\" data-elementor-id=\"1319\" class=\"elementor elementor-1319 elementor-1289\" data-elementor-post-type=\"page\">\n\t\t\t\t<div class=\"elementor-element elementor-element-94c2cf8 e-con-full e-flex e-con e-parent\" data-id=\"94c2cf8\" data-element_type=\"container\" data-e-type=\"container\">\n\t\t\t\t<div class=\"elementor-element elementor-element-fef9121 elementor-widget elementor-widget-google_maps\" data-id=\"fef9121\" data-element_type=\"widget\" data-e-type=\"widget\" data-widget_type=\"google_maps.default\">\n\t\t\t\t\t\t\t<div class=\"elementor-custom-embed\">\n\t\t\t<iframe loading=\"lazy\"\n\t\t\t\t\tsrc=\"https:\/\/maps.google.com\/maps?q=Rua%20Da%20Boavista%20s%2Fn%20Serra%20dos%20Mangues%2C%202460%20-%20697%20S%C3%A3o%20Martinho%20do%20Porto%2C%20Portugal&#038;t=m&#038;z=8&#038;output=embed&#038;iwloc=near\"\n\t\t\t\t\ttitle=\"Rua Da Boavista s\/n Serra dos Mangues, 2460 - 697 S\u00e3o Martinho do Porto, Portugal\"\n\t\t\t\t\taria-label=\"Rua Da Boavista s\/n Serra dos Mangues, 2460 - 697 S\u00e3o Martinho do Porto, Portugal\"\n\t\t\t><\/iframe>\n\t\t<\/div>\n\t\t\t\t\t\t<\/div>\n\t\t\t\t<\/div>\n\t\t<div class=\"elementor-element elementor-element-757f960 padding e-flex e-con-boxed e-con e-parent\" data-id=\"757f960\" data-element_type=\"container\" data-e-type=\"container\">\n\t\t\t\t\t<div class=\"e-con-inner\">\n\t\t<div class=\"elementor-element elementor-element-89a0acf e-con-full e-flex e-con e-child\" data-id=\"89a0acf\" data-element_type=\"container\" data-e-type=\"container\">\n\t\t\t\t<div class=\"elementor-element elementor-element-8870776 elementor-widget elementor-widget-text-editor\" data-id=\"8870776\" data-element_type=\"widget\" data-e-type=\"widget\" data-widget_type=\"text-editor.default\">\n\t\t\t\t\t\t\t\t\t<div class=\"fusion-title title fusion-title-1 fusion-sep-none fusion-title-text fusion-title-size-two\"><h4>Unsere Adresse<\/h4><p>N 39\u00b0 53.110\u2032 W 009\u00b0 123.192\u2032<br>Rua Da Boavista s\/n Serra dos Mangues<br>2460 \u2013 697 S\u00e3o Martinho do Porto<br>Portugal<\/p><h4>Auto mieten<\/h4><p>Bitten Sie die Autovermietung bei der Abholung des Mietwagens um eine Stra\u00dfenkarte von Portugal. \u00dcberpr\u00fcfen Sie den Wagen zun\u00e4chst gr\u00fcndlich: voller Tank, alle Fahrzeugpapiere vorhanden (einschlie\u00dflich des Schadensformulars!), keine Dellen oder Kratzer usw. Fallen Ihnen irgendwelche Unregelm\u00e4\u00dfigkeiten auf? Gehen Sie einfach zur\u00fcck zum Schalter und bitten Sie darum, sie auf dem Vertrag zu vermerken.   <\/p><p>Fahren Sie langsam und lassen Sie sich nicht hetzen. Wenn m\u00f6glich, informieren Sie uns \u00fcber Ihre m\u00f6gliche Ankunftszeit in Casa Boavista (Mic 00351\/967 684 772 oder Pascale 00351\/969 364 439). <\/p><\/div>\t\t\t\t\t\t\t\t<\/div>\n\t\t\t\t<\/div>\n\t\t<div class=\"elementor-element elementor-element-1806cfc e-con-full e-flex e-con e-child\" data-id=\"1806cfc\" data-element_type=\"container\" data-e-type=\"container\">\n\t\t\t\t<div class=\"elementor-element elementor-element-1891854 elementor-widget elementor-widget-text-editor\" data-id=\"1891854\" data-element_type=\"widget\" data-e-type=\"widget\" data-widget_type=\"text-editor.default\">\n\t\t\t\t\t\t\t\t\t<h4>Route vom Flughafen Lissabon \u00fcber den 2ten Kreisverkehr und die A8 nach Casa Boavista<\/h4><p><a href=\"https:\/\/www.google.be\/maps\/dir\/Lisbon+Airport,+Lissabon,+Portugal\/Rua+DA+Boavista,+casaboavista,+2460-697,+Portugal\/@39.1502964,-9.3515956,126828m\/am=t\/data=!3m2!1e3!4b1!4m13!4m12!1m5!1m1!1s0xd19324616d90183:0xa66a53e58036d46!2m2!1d-9.1353667!2d38.7755936!1m5!1m1!1s0xd18ac0d546c5cff:0x6f32f68e5c8306c7!2m2!1d-9.123233!2d39.530517\" target=\"_blank\" rel=\"noopener noreferrer nofollow\">Google Maps-Wegbeschreibung (einschlie\u00dflich Mautstra\u00dfen)<\/a><\/p><p>Biegen Sie beim Verlassen des Flughafenparkplatzes RECHTS ab, halten Sie sich sofort auf der linken Spur in Richtung CENTRO\/CITY CENTER und fahren Sie in den Tunnel. Nach \u00b1 300 m nehmen Sie am gro\u00dfen Kreisverkehr die erste Ausfahrt<g id=\"gid_0\">&#8222;2e CIRCULAR<\/g>&#8222;, Sie fahren automatisch auf die Ringstra\u00dfe. Sie fahren an einer Repsol-Tankstelle und einem McDonalds\/KFC-Restaurant vorbei.  <\/p><p>Nehmen Sie nach \u00b1 1,3 km die Ausfahrt 5<strong>&#8222;A8 Loures\/Odivelas<\/strong>&#8220; (nicht 5 Entrecampos). Fahren Sie an der Ampel geradeaus und folgen Sie dem Stra\u00dfenverlauf. Auf der Autobahn A8 halten Sie nach 3 km an der Mautstelle an. Dr\u00fccken Sie den Knopf und ziehen Sie ein Ticket f\u00fcr die Portagem (Mautstra\u00dfe), nehmen Sie niemals die &#8218;VIA VERDE&#8216; (normalerweise linke Spur, gekennzeichnet durch ein gr\u00fcnes V, kostet 50 Euro!!!).    <\/p><p>Nach \u00b1 63 km endet die Mautstra\u00dfe, Sie zahlen \u00b1 4,60 \u20ac. Folgen Sie der A8 nach <g id=\"gid_0\">LEIRIA &#8211; CALDAS DA RAINHA<\/g>. Hinter Caldas da Rainha gibt es eine weitere mautpflichtige Strecke bis nach <strong>Alfeizerao<\/strong> (Kosten 1,05 \u20ac).   Nehmen Sie die AFRIT 21 (Alfeizerao &#8211; S\u00e3o Martinho Do Porto) und folgen Sie der Beschilderung nach Alfeizerao &#8211; S\u00e3o Martinho Do Porto. Fahren Sie immer geradeaus (\u00b1 3,5 km), bis Sie einen Kreisverkehr erreichen. <\/p><p>Am Kreisverkehr S\u00e3o Martinho do Porto LINKS abbiegen und weiter Richtung NAZAR\u00c9 fahren. Nach etwa 1 km kommen Sie zu einem zweiten Kreisverkehr (beim Supermarkt Intermarch\u00e9). Fahren Sie geradeaus weiter, bis Sie nach etwa 500 Metern auf der linken Seite eine Ausfahrt mit den Schildern \u201eCamping Colina do Sol\u201c und \u201eSerra dos Mangues\u201c sehen. Hier m\u00fcssen Sie links abbiegen (achten Sie auf den Gegenverkehr), weiter bis zum Campingplatz fahren und dann RECHTS in die Rua Vasco da Gama einbiegen. Fahren Sie weiter, bis Sie auf der rechten Seite einen Mini-Mercado\/ein Caf\u00e9\/Restaurant sehen (Tipica Da Serra). Nehmen Sie dann gleich danach die erste Stra\u00dfe links (Rua Da Liberdade) und nehmen Sie eine steile Stra\u00dfe bergauf. Halten Sie sich rechts (Rua da Gralha) und nehmen Sie dann die erste Stra\u00dfe rechts, Rua da Boavista. Folgen Sie dieser Stra\u00dfe, bis Sie auf der linken Seite zwischen Casa Emilio und einem Haus mit einem Schild mit der Aufschrift Boa Vista (Schild mit Pfeil nach links, Casa Boavista) einen Pfad sehen, an dessen Ende sich Casa Boavista befindet. <\/p>\t\t\t\t\t\t\t\t<\/div>\n\t\t\t\t<\/div>\n\t\t\t\t\t<\/div>\n\t\t\t\t<\/div>\n\t\t\t\t<\/div>\n\t\t","protected":false},"excerpt":{"rendered":"<p>Unsere Adresse N 39\u00b0 53.110\u2032 W 009\u00b0 123.192\u2032Rua Da Boavista s\/n Serra dos Mangues2460 \u2013 697 S\u00e3o Martinho do PortoPortugal Auto mieten Bitten Sie die Autovermietung bei der Abholung des Mietwagens um eine Stra\u00dfenkarte von Portugal. \u00dcberpr\u00fcfen Sie den Wagen zun\u00e4chst gr\u00fcndlich: voller Tank, alle Fahrzeugpapiere vorhanden (einschlie\u00dflich des Schadensformulars!), keine Dellen oder Kratzer usw. [&hellip;]<\/p>\n","protected":false},"author":1,"featured_media":0,"parent":0,"menu_order":3,"comment_status":"closed","ping_status":"closed","template":"","meta":{"footnotes":""},"class_list":["post-1319","page","type-page","status-publish","hentry"],"_links":{"self":[{"href":"https:\/\/casaboavista.com\/de\/wp-json\/wp\/v2\/pages\/1319","targetHints":{"allow":["GET"]}}],"collection":[{"href":"https:\/\/casaboavista.com\/de\/wp-json\/wp\/v2\/pages"}],"about":[{"href":"https:\/\/casaboavista.com\/de\/wp-json\/wp\/v2\/types\/page"}],"author":[{"embeddable":true,"href":"https:\/\/casaboavista.com\/de\/wp-json\/wp\/v2\/users\/1"}],"replies":[{"embeddable":true,"href":"https:\/\/casaboavista.com\/de\/wp-json\/wp\/v2\/comments?post=1319"}],"version-history":[{"count":2,"href":"https:\/\/casaboavista.com\/de\/wp-json\/wp\/v2\/pages\/1319\/revisions"}],"predecessor-version":[{"id":2891,"href":"https:\/\/casaboavista.com\/de\/wp-json\/wp\/v2\/pages\/1319\/revisions\/2891"}],"wp:attachment":[{"href":"https:\/\/casaboavista.com\/de\/wp-json\/wp\/v2\/media?parent=1319"}],"curies":[{"name":"wp","href":"https:\/\/api.w.org\/{rel}","templated":true}]}}